{"id":325,"date":"2024-05-06T14:04:18","date_gmt":"2024-05-06T14:04:18","guid":{"rendered":"https:\/\/bijmartien.weernink.com\/?page_id=325"},"modified":"2025-07-16T06:35:40","modified_gmt":"2025-07-16T06:35:40","slug":"aanbieder-cool-programma","status":"publish","type":"page","link":"https:\/\/bijmartien.weernink.com\/?page_id=325","title":{"rendered":"CooL-programma"},"content":{"rendered":"\n<p class=\"has-vivid-cyan-blue-color has-text-color has-link-color has-medium-font-size wp-elements-64828ba8f22097d29bc893dfc0890812\"><strong><em>Wat is CooL?<\/em><\/strong><\/p>\n\n\n\n<p>CooL is een Gecombineerde Leefstijlinterventie (GLI). Het doel van het CooL-programma is een gezondere leefstijl voor de deelnemer met overgewicht door advies en begeleiding bij voeding, beweging, slaap, ontspanning, persoonlijke balans, stressvermindering en gedragsverandering.<\/p>\n\n\n\n<p>Deze GLI wordt vergoed door de basisverzekering zonder dat het eigen risico wordt aangesproken. <\/p>\n\n\n\n<p>CooL staat voor Coaching op Leefstijl en wordt uitgevoerd door \u00e9\u00e9n persoon, de CooL-coach. De CooL-coach steunt de deelnemer in het halen van persoonlijke doelen. De CooL-coach ondersteunt het proces van de deelnemer en kiest de inhoud en werkvormen die bij de deelnemers(groep) passen. De deelnemer heeft zelf de regie, maar hoeft het niet alleen te doen. Elke CooL-groep bestaat uit 8 tot 14 deelnemers.<\/p>\n\n\n\n<p class=\"has-vivid-cyan-blue-color has-text-color has-link-color has-medium-font-size wp-elements-15d67feb60352f0492b275d1d784988a\"><strong><em>Hoe ziet het CooL-programma eruit?<\/em><\/strong><\/p>\n\n\n\n<p>CooL bestaat uit twee fasen van in totaal 16 fysieke groepssessies van elk 90 minuten en daarnaast in totaal 7 uur aan individuele gesprekstijd. <\/p>\n\n\n\n<p>Fase 1 is de initiatie van gedragsverandering (8 maanden) en fase 2 gedragsverandering en gedragsbehoud (16 maanden). <\/p>\n\n\n\n<p>Na het intakegesprek van 60 minuten beslis je samen met de CooL-coach of CooL op dit moment past bij jou. Je hebt daarna nog 6 uur \u00e9\u00e9n op \u00e9\u00e9n gesprekstijd met de coach.<\/p>\n\n\n\n<p class=\"has-vivid-cyan-blue-color has-text-color has-link-color has-medium-font-size wp-elements-11efb0089fd5a7a54dcc38baaaca3849\"><strong><em>Start intakegesprekken en CooL-groepen<\/em><\/strong><\/p>\n\n\n\n<p>Voor deelname aan CooL heb je een verwijzing van je huisarts, praktijkondersteuner of internist nodig. In juli starten de intakegesprekken. Afhankelijk van het aantal aanmeldingen start het CooL-programma in september.<\/p>\n\n\n\n<p class=\"has-vivid-cyan-blue-color has-text-color has-link-color has-medium-font-size wp-elements-fff36ac0f21c7154be6e8ee97c8e326d\"><strong><em>Rollen verwijzer en CooL-coach<\/em><\/strong><\/p>\n\n\n\n<p>De verwijzer &#8211; huisartsen, praktijkondersteuners en internisten &#8211; stelt vast of de deelnemer voldoet aan de inclusiecriteria en verwijst deelnemers naar een CooL-coach en blijft tijdens het CooL-programma betrokken. De CooL-coach stemt af met de huisarts, praktijkondersteuner of internist, koppelt regelmatig resultaten terug en overlegt zo nodig over aanvullende zorg.<\/p>\n\n\n\n<p><\/p>\n\n\n\n<figure class=\"wp-block-image size-large is-resized\"><img loading=\"lazy\" decoding=\"async\" width=\"1024\" height=\"724\" src=\"https:\/\/bijmartien.weernink.com\/wp-content\/uploads\/2024\/05\/COOL_Praatplaat_publiek-pdf-1024x724.jpg\" alt=\"\" class=\"wp-image-326\" style=\"width:840px;height:auto\"\/><\/figure>\n","protected":false},"excerpt":{"rendered":"<p>Wat is CooL? CooL is een Gecombineerde Leefstijlinterventie (GLI). Het doel van het CooL-programma is een gezondere leefstijl voor de deelnemer met overgewicht door advies en begeleiding bij voeding, beweging, slaap, ontspanning, persoonlijke balans, stressvermindering en gedragsverandering. Deze GLI wordt vergoed door de basisverzekering zonder dat het eigen risico wordt aangesproken. CooL staat voor Coaching&hellip; <a href=\"https:\/\/bijmartien.weernink.com\/?page_id=325\" class=\"more-link\">Lees verder <span class=\"screen-reader-text\">CooL-programma<\/span><\/a><\/p>\n","protected":false},"author":2,"featured_media":0,"parent":0,"menu_order":-2,"comment_status":"closed","ping_status":"closed","template":"","meta":{"footnotes":""},"class_list":["post-325","page","type-page","status-publish","hentry","without-featured-image"],"_links":{"self":[{"href":"https:\/\/bijmartien.weernink.com\/index.php?rest_route=\/wp\/v2\/pages\/325","targetHints":{"allow":["GET"]}}],"collection":[{"href":"https:\/\/bijmartien.weernink.com\/index.php?rest_route=\/wp\/v2\/pages"}],"about":[{"href":"https:\/\/bijmartien.weernink.com\/index.php?rest_route=\/wp\/v2\/types\/page"}],"author":[{"embeddable":true,"href":"https:\/\/bijmartien.weernink.com\/index.php?rest_route=\/wp\/v2\/users\/2"}],"replies":[{"embeddable":true,"href":"https:\/\/bijmartien.weernink.com\/index.php?rest_route=%2Fwp%2Fv2%2Fcomments&post=325"}],"version-history":[{"count":21,"href":"https:\/\/bijmartien.weernink.com\/index.php?rest_route=\/wp\/v2\/pages\/325\/revisions"}],"predecessor-version":[{"id":406,"href":"https:\/\/bijmartien.weernink.com\/index.php?rest_route=\/wp\/v2\/pages\/325\/revisions\/406"}],"wp:attachment":[{"href":"https:\/\/bijmartien.weernink.com\/index.php?rest_route=%2Fwp%2Fv2%2Fmedia&parent=325"}],"curies":[{"name":"wp","href":"https:\/\/api.w.org\/{rel}","templated":true}]}}